{"id":65,"date":"2019-06-04T12:54:01","date_gmt":"2019-06-04T09:54:01","guid":{"rendered":"https:\/\/www.uwasa.fi\/register\/?page_id=65"},"modified":"2024-03-22T13:20:02","modified_gmt":"2024-03-22T11:20:02","slug":"kayttoehdot","status":"publish","type":"page","link":"https:\/\/www.uwasa.fi\/register\/kayttoehdot\/","title":{"rendered":"Palvelun k\u00e4ytt\u00f6ehdot"},"content":{"rendered":"<p>Vaasan yliopiston blogi- ja sivustopalveluun luotavia sis\u00e4lt\u00f6j\u00e4 koskevat <a href=\"https:\/\/it.uwasa.fi\/guides\/fi\/all\/IT-palvelujen+k%C3%A4ytt%C3%B6s%C3%A4%C3%A4nn%C3%B6t\" target=\"_blank\" rel=\"noopener\">Vaasan yliopiston IT-palveluiden  k\u00e4ytt\u00f6s\u00e4\u00e4nn\u00f6t<\/a>. Luomalla palveluun sivuston (ml. blogin) sitoudut noudattamaan n\u00e4it\u00e4 k\u00e4ytt\u00f6s\u00e4\u00e4nt\u00f6j\u00e4 sek\u00e4 hyv\u00e4\u00e4 netiketti\u00e4:<\/p>\n<ul>\n<li>Luomasi sis\u00e4ll\u00f6t ovat julkisia ja niit\u00e4 koskevat samat lait ja s\u00e4\u00e4nn\u00f6t kuin muitakin julkaisuja. Sivuston yll\u00e4pit\u00e4j\u00e4n\u00e4 olet vastuussa luomistasi sis\u00e4ll\u00f6ist\u00e4. Keskustelun her\u00e4tt\u00e4minen, mielipiteet sek\u00e4 vuorovaikutus lukijoiden kanssa on suositeltavaa, mutta henkil\u00f6ihin kohdistuvat asiattomuudet tai loukkaukset eiv\u00e4t kuulu t\u00e4m\u00e4n palvelun sivustoille.<\/li>\n<li>Sivuston yll\u00e4pit\u00e4j\u00e4n\u00e4 olet viime k\u00e4dess\u00e4 vastuussa my\u00f6s kommenttien sis\u00e4ll\u00f6st\u00e4. Sivuston yll\u00e4pit\u00e4j\u00e4n tulee moderoida mahdolliset kommentit eik\u00e4 hyv\u00e4ksy\u00e4 asiattomia kommentteja julkaistavaksi.<\/li>\n<li>Palvelussa olevat blogikirjoitukset kirjoitetaan omalla nimell\u00e4, ei anonyymisti. Muista, ett\u00e4 yliopistoyhteis\u00f6n j\u00e4senen\u00e4 luot osaltasi mielikuvaa Vaasan yliopistosta ja sen toiminnasta.<\/li>\n<li>Kirjoittajana sinulla on tekij\u00e4noikeudet itse luomiisi sis\u00e4lt\u00f6ihin. Muiden sis\u00e4lt\u00f6jen kohdalla muista varmistaa, ett\u00e4 sinulla on oikeudet k\u00e4ytt\u00e4\u00e4 materiaalia jota olet julkaisemassa. Muista my\u00f6s kysy\u00e4 lupa kollegoiden ja muiden yksityishenkil\u00f6iden yksityistilaisuuksia koskevien kuvien tai videoiden julkaisemiseen.<\/li>\n<li>Kunnioita sek\u00e4 omaa ett\u00e4 muiden ihmisten yksityisyytt\u00e4. Kaikki, mit\u00e4 julkaiset itsest\u00e4si blogissa on julkista ja l\u00f6ydett\u00e4viss\u00e4 esimerkiksi nimell\u00e4si hakukoneista vuosienkin per\u00e4st\u00e4. Harkitse, mit\u00e4 on sopivaa kirjoittaa muiden yksityisel\u00e4m\u00e4st\u00e4 heid\u00e4n tiet\u00e4m\u00e4tt\u00e4\u00e4n.<\/li>\n<li>Palvelua ei ole tarkoitettu kaupalliseen, aatteelliseen, poliittiseen tai uskonnolliseen toimintaan. Poliittisessa toiminnassa poikkeuksena ovat yliopistovaalit, opiskelijaj\u00e4rjest\u00f6jen tai niiden alayhdistysten sek\u00e4 henkil\u00f6kunnan ammattiyhdistysten toiminta.<\/li>\n<\/ul>\n<p><a href=\"https:\/\/it.uwasa.fi\/guides\/fi\/all\/IT-palvelujen+k%C3%A4ytt%C3%B6s%C3%A4%C3%A4nn%C3%B6t\">IT-palveluiden k\u00e4ytt\u00f6s\u00e4\u00e4nt\u00f6jen<\/a> noudattamista palvelussa olevien sivustojen osalta valvoo tietoturvap\u00e4\u00e4llikk\u00f6 ja sis\u00e4ll\u00f6llist\u00e4 netiketti\u00e4 verkkotoimitus. Yll\u00e4pitorikkomuksista voit informoida verkkotoimitukseen <a href=\"mailto:www-tuki@univaasa.fi\">www-tuki@univaasa.fi<\/a>.<\/p>\n<p><strong>Vastuunrajoitukset<\/strong><\/p>\n<p>Palvelusta l\u00f6ytyv\u00e4t sivustot eiv\u00e4t edusta Vaasan yliopistoa tai yliopiston virallista n\u00e4kemyst\u00e4. Sivustojen yll\u00e4pit\u00e4j\u00e4t ja sis\u00e4lt\u00f6j\u00e4 kommentoivat henkil\u00f6t vastaavat itse sis\u00e4ll\u00f6ist\u00e4\u00e4n.<\/p>\n<p>Mik\u00e4li sivustosta esitet\u00e4\u00e4n valitus, joka osoittautuu perustelluksi, verkkotoimitus tai tietoturvap\u00e4\u00e4llikk\u00f6 ottaa yhteytt\u00e4 sivuston yll\u00e4pit\u00e4j\u00e4\u00e4n valituksen aiheuttaneen sis\u00e4ll\u00f6n tai kommentin poistamiseksi tai siistimiseksi. Mik\u00e4li yll\u00e4pit\u00e4j\u00e4\u00e4n ei saada yhteytt\u00e4 ja sis\u00e4lt\u00f6 on selv\u00e4sti asiatonta, yll\u00e4pito voi poistaa sis\u00e4lt\u00f6j\u00e4 tai kommentteja. Vastuu on kuitenkin ensisijaisesti sivuston yll\u00e4pit\u00e4j\u00e4ll\u00e4. Vaasan yliopisto ei toimi mielipiteen ilmaisemisen rajoittajana vaan puuttuu ainoastaan selke\u00e4sti loukkaavaan tai laittomaan materiaaliin, jos sivuston yll\u00e4pit\u00e4j\u00e4 ei itse sit\u00e4 tee.<\/p>\n<p>Vaasan yliopisto varaa oikeuden sulkea tai poistaa palveluun perustettuja sivustoja, esim. yll\u00e4pitovastuiden laiminly\u00f6nnin, sivustolla tapahtuvan toiminnan p\u00e4\u00e4ttymisen tai sivuston sis\u00e4lt\u00f6jen vanhentumisen seurauksena. Edell\u00e4 mainituissa tapauksissa verkkotoimitus pyrkii aina ensin olemaan yhteydess\u00e4 sivustojen yll\u00e4pit\u00e4jiin ja keskustelemaan eri vaihtoehdoista ja aikataulusta. Tavoitetun yll\u00e4pit\u00e4j\u00e4n on my\u00f6s mahdollista saada WordPressin export-ty\u00f6kalulla luotu kopio suljettavan sivuston sis\u00e4ll\u00f6ist\u00e4.<\/p>\n<p>Havainnot Suomen lakia tai hyv\u00e4\u00e4 tapaa rikkovasta materiaalista blogilistalla pyydet\u00e4\u00e4n ilmoittamaan osoitteeseen <a href=\"mailto:www-tuki@univaasa.fi\">www-tuki@univaasa.fi<\/a>.<\/p>\n","protected":false},"excerpt":{"rendered":"<p>Vaasan yliopiston blogi- ja sivustopalveluun luotavia sis\u00e4lt\u00f6j\u00e4 koskevat Vaasan yliopiston IT-palveluiden k\u00e4ytt\u00f6s\u00e4\u00e4nn\u00f6t. Luomalla palveluun sivuston (ml. blogin) sitoudut noudattamaan n\u00e4it\u00e4 k\u00e4ytt\u00f6s\u00e4\u00e4nt\u00f6j\u00e4 sek\u00e4 hyv\u00e4\u00e4 netiketti\u00e4: Luomasi sis\u00e4ll\u00f6t ovat julkisia ja niit\u00e4 koskevat samat lait ja s\u00e4\u00e4nn\u00f6t kuin muitakin julkaisuja. Sivuston yll\u00e4pit\u00e4j\u00e4n\u00e4 olet vastuussa luomistasi sis\u00e4ll\u00f6ist\u00e4. Keskustelun her\u00e4tt\u00e4minen, mielipiteet sek\u00e4 vuorovaikutus lukijoiden kanssa on suositeltavaa, mutta henkil\u00f6ihin [&hellip;]<\/p>\n","protected":false},"author":21,"featured_media":0,"parent":0,"menu_order":0,"comment_status":"closed","ping_status":"closed","template":"","meta":{"_acf_changed":false,"footnotes":""},"class_list":["post-65","page","type-page","status-publish","hentry"],"acf":[],"lang":"fi","translations":{"fi":65,"en":73},"pll_sync_post":[],"_links":{"self":[{"href":"https:\/\/www.uwasa.fi\/register\/wp-json\/wp\/v2\/pages\/65"}],"collection":[{"href":"https:\/\/www.uwasa.fi\/register\/wp-json\/wp\/v2\/pages"}],"about":[{"href":"https:\/\/www.uwasa.fi\/register\/wp-json\/wp\/v2\/types\/page"}],"author":[{"embeddable":true,"href":"https:\/\/www.uwasa.fi\/register\/wp-json\/wp\/v2\/users\/21"}],"replies":[{"embeddable":true,"href":"https:\/\/www.uwasa.fi\/register\/wp-json\/wp\/v2\/comments?post=65"}],"version-history":[{"count":6,"href":"https:\/\/www.uwasa.fi\/register\/wp-json\/wp\/v2\/pages\/65\/revisions"}],"predecessor-version":[{"id":98,"href":"https:\/\/www.uwasa.fi\/register\/wp-json\/wp\/v2\/pages\/65\/revisions\/98"}],"wp:attachment":[{"href":"https:\/\/www.uwasa.fi\/register\/wp-json\/wp\/v2\/media?parent=65"}],"curies":[{"name":"wp","href":"https:\/\/api.w.org\/{rel}","templated":true}]}}